{"id":2890,"date":"2020-05-07T11:58:42","date_gmt":"2020-05-07T09:58:42","guid":{"rendered":"https:\/\/www.doubickasalas.cz\/unterbringung\/"},"modified":"2020-05-07T11:58:47","modified_gmt":"2020-05-07T09:58:47","slug":"unterbringung","status":"publish","type":"page","link":"https:\/\/www.doubickasalas.cz\/de\/unterbringung\/","title":{"rendered":"Unterbringung"},"content":{"rendered":"<div class=\"mphb_sc_rooms-wrapper mphb-room-types \">\n<div class=\"mphb-room-type post-2877 mphb_room_type type-mphb_room_type status-publish mphb_room_type_category-doppelzimmer mphb_room_type_facility-gratis-kaffee-und-tee mphb_room_type_facility-gratis-wlan-internet mphb_room_type_facility-parken-im-preis-inbegriffen mphb-room-type-adults-2 mphb-room-type-children-0 \">\n\n\t\n\t\n\n\t<div class=\"mphb-room-type-images\">\n\t<div id='mphb-flexslider-gallery-1' class='gallery-columns-1 gallery-size-large mphb-gallery-main-slider mphb-flexslider-gallery-wrapper mphb-room-type-gallery-wrapper mphb-gallery-main-slider-69f1aed8d0437' data-flexslider-atts='{\"animation\":\"slide\",\"controlNav\":false,\"animationLoop\":true,\"smoothHeight\":true,\"slideshow\":false}' data-group='69f1aed8d0437'><ul class=\"slides\"><li class='gallery-item'><span class='gallery-icon landscape'>\n\t\t\t\t<a href=\"https:\/\/www.doubickasalas.cz\/de\/accommodation\/doppelzimmer\/\"><img loading=\"lazy\" decoding=\"async\" width=\"1024\" height=\"681\" src=\"https:\/\/www.doubickasalas.cz\/wp-content\/uploads\/2017\/03\/DSC_0922-2-1024x681.jpg\" class=\"attachment-large size-large\" alt=\"Doubick\u00e1 Sala\u0161, pokoj\" srcset=\"https:\/\/www.doubickasalas.cz\/wp-content\/uploads\/2017\/03\/DSC_0922-2-1024x681.jpg 1024w, https:\/\/www.doubickasalas.cz\/wp-content\/uploads\/2017\/03\/DSC_0922-2-300x200.jpg 300w, https:\/\/www.doubickasalas.cz\/wp-content\/uploads\/2017\/03\/DSC_0922-2-768x511.jpg 768w, https:\/\/www.doubickasalas.cz\/wp-content\/uploads\/2017\/03\/DSC_0922-2-1080x718.jpg 1080w, https:\/\/www.doubickasalas.cz\/wp-content\/uploads\/2017\/03\/DSC_0922-2.jpg 1920w\" sizes=\"auto, (max-width: 1024px) 100vw, 1024px\" \/><\/a>\n\t\t\t<\/span><\/li><li class='gallery-item'><span class='gallery-icon portrait'>\n\t\t\t\t<a href=\"https:\/\/www.doubickasalas.cz\/de\/accommodation\/doppelzimmer\/\"><img loading=\"lazy\" decoding=\"async\" width=\"681\" height=\"1024\" src=\"https:\/\/www.doubickasalas.cz\/wp-content\/uploads\/2017\/03\/DSC_0921-2-681x1024.jpg\" class=\"attachment-large size-large\" alt=\"Doubick\u00e1 Sala\u0161, pokoj\" aria-describedby=\"mphb-flexslider-gallery-1-281\" srcset=\"https:\/\/www.doubickasalas.cz\/wp-content\/uploads\/2017\/03\/DSC_0921-2-681x1024.jpg 681w, https:\/\/www.doubickasalas.cz\/wp-content\/uploads\/2017\/03\/DSC_0921-2-200x300.jpg 200w, https:\/\/www.doubickasalas.cz\/wp-content\/uploads\/2017\/03\/DSC_0921-2-768x1155.jpg 768w, https:\/\/www.doubickasalas.cz\/wp-content\/uploads\/2017\/03\/DSC_0921-2-1080x1624.jpg 1080w, https:\/\/www.doubickasalas.cz\/wp-content\/uploads\/2017\/03\/DSC_0921-2.jpg 1277w\" sizes=\"auto, (max-width: 681px) 100vw, 681px\" \/><\/a>\n\t\t\t<\/span><\/li><li class='gallery-item'><span class='gallery-icon landscape'>\n\t\t\t\t<a href=\"https:\/\/www.doubickasalas.cz\/de\/accommodation\/doppelzimmer\/\"><img loading=\"lazy\" decoding=\"async\" width=\"1024\" height=\"689\" src=\"https:\/\/www.doubickasalas.cz\/wp-content\/uploads\/2017\/03\/DSC_0911-2-1024x689.jpg\" class=\"attachment-large size-large\" alt=\"Doubick\u00e1 Sala\u0161, kuchy\u0148ka\" aria-describedby=\"mphb-flexslider-gallery-1-279\" srcset=\"https:\/\/www.doubickasalas.cz\/wp-content\/uploads\/2017\/03\/DSC_0911-2-1024x689.jpg 1024w, https:\/\/www.doubickasalas.cz\/wp-content\/uploads\/2017\/03\/DSC_0911-2-300x202.jpg 300w, https:\/\/www.doubickasalas.cz\/wp-content\/uploads\/2017\/03\/DSC_0911-2-768x517.jpg 768w, https:\/\/www.doubickasalas.cz\/wp-content\/uploads\/2017\/03\/DSC_0911-2-1080x727.jpg 1080w, https:\/\/www.doubickasalas.cz\/wp-content\/uploads\/2017\/03\/DSC_0911-2.jpg 1920w\" sizes=\"auto, (max-width: 1024px) 100vw, 1024px\" \/><\/a>\n\t\t\t<\/span><\/li><li class='gallery-item'><span class='gallery-icon landscape'>\n\t\t\t\t<a href=\"https:\/\/www.doubickasalas.cz\/de\/accommodation\/doppelzimmer\/\"><img loading=\"lazy\" decoding=\"async\" width=\"1024\" height=\"681\" src=\"https:\/\/www.doubickasalas.cz\/wp-content\/uploads\/2017\/03\/DSC_0909-2-1024x681.jpg\" class=\"attachment-large size-large\" alt=\"Doubick\u00e1 Sala\u0161, pokoj\" aria-describedby=\"mphb-flexslider-gallery-1-278\" srcset=\"https:\/\/www.doubickasalas.cz\/wp-content\/uploads\/2017\/03\/DSC_0909-2-1024x681.jpg 1024w, https:\/\/www.doubickasalas.cz\/wp-content\/uploads\/2017\/03\/DSC_0909-2-300x200.jpg 300w, https:\/\/www.doubickasalas.cz\/wp-content\/uploads\/2017\/03\/DSC_0909-2-768x511.jpg 768w, https:\/\/www.doubickasalas.cz\/wp-content\/uploads\/2017\/03\/DSC_0909-2-1080x718.jpg 1080w, https:\/\/www.doubickasalas.cz\/wp-content\/uploads\/2017\/03\/DSC_0909-2.jpg 1920w\" sizes=\"auto, (max-width: 1024px) 100vw, 1024px\" \/><\/a>\n\t\t\t<\/span><\/li><\/ul>\n\t\t<\/div>\n<div id='mphb-flexslider-gallery-2' class='gallery-columns-4 gallery-size-thumbnail mphb-gallery-thumbnail-slider mphb-flexslider-gallery-wrapper mphb-room-type-gallery-wrapper mphb-gallery-thumbnail-slider-69f1aed8d0437' data-flexslider-atts='{\"animation\":\"slide\",\"controlNav\":false,\"animationLoop\":true,\"slideshow\":false,\"itemMargin\":5}' data-group='69f1aed8d0437'><ul class=\"slides\"><li class='gallery-item'><span class='gallery-icon landscape'>\n\t\t\t\t<a href='https:\/\/www.doubickasalas.cz\/de\/doppelbett\/'><img loading=\"lazy\" decoding=\"async\" width=\"150\" height=\"150\" src=\"https:\/\/www.doubickasalas.cz\/wp-content\/uploads\/2017\/03\/DSC_0922-2-150x150.jpg\" class=\"attachment-thumbnail size-thumbnail\" alt=\"Doubick\u00e1 Sala\u0161, pokoj\" \/><\/a>\n\t\t\t<\/span><\/li><li class='gallery-item'><span class='gallery-icon portrait'>\n\t\t\t\t<a href='https:\/\/www.doubickasalas.cz\/de\/dsc_0921-3\/'><img loading=\"lazy\" decoding=\"async\" width=\"150\" height=\"150\" src=\"https:\/\/www.doubickasalas.cz\/wp-content\/uploads\/2017\/03\/DSC_0921-2-150x150.jpg\" class=\"attachment-thumbnail size-thumbnail\" alt=\"Doubick\u00e1 Sala\u0161, pokoj\" aria-describedby=\"mphb-flexslider-gallery-2-281\" \/><\/a>\n\t\t\t<\/span><\/li><li class='gallery-item'><span class='gallery-icon landscape'>\n\t\t\t\t<a href='https:\/\/www.doubickasalas.cz\/de\/dsc_0911-3\/'><img loading=\"lazy\" decoding=\"async\" width=\"150\" height=\"150\" src=\"https:\/\/www.doubickasalas.cz\/wp-content\/uploads\/2017\/03\/DSC_0911-2-150x150.jpg\" class=\"attachment-thumbnail size-thumbnail\" alt=\"Doubick\u00e1 Sala\u0161, kuchy\u0148ka\" aria-describedby=\"mphb-flexslider-gallery-2-279\" \/><\/a>\n\t\t\t<\/span><\/li><li class='gallery-item'><span class='gallery-icon landscape'>\n\t\t\t\t<a href='https:\/\/www.doubickasalas.cz\/de\/dsc_0909-3\/'><img loading=\"lazy\" decoding=\"async\" width=\"150\" height=\"150\" src=\"https:\/\/www.doubickasalas.cz\/wp-content\/uploads\/2017\/03\/DSC_0909-2-150x150.jpg\" class=\"attachment-thumbnail size-thumbnail\" alt=\"Doubick\u00e1 Sala\u0161, pokoj\" aria-describedby=\"mphb-flexslider-gallery-2-278\" \/><\/a>\n\t\t\t<\/span><\/li><\/ul>\n\t\t<\/div>\n\n\t<\/div>\n\n<h2 class=\"mphb-room-type-title entry-title\">\n\n<a class=\"mphb-room-type-title\" href=\"https:\/\/www.doubickasalas.cz\/de\/accommodation\/doppelzimmer\/\">Doppelzimmer<\/a>\n\n<\/h2>\n\n<p>Die Unterkunft und die Dienstleistungen erfolgen in Form von Self-Service. Jedes Zimmer verf\u00fcgt \u00fcber ein eigenes Bad mit Dusche und Toilette sowie Standardausstattung (Doppelbett, Schrank, Tisch, St\u00fchle, Handt\u00fccher, Toilettenartikel). Unsere G\u00e4ste parken kostenlos auf dem eingefriedeten Grundst\u00fcck der Pension Sala\u0161. Die Parkfl\u00e4che ist beleuchtet und video\u00fcberwacht.<\/p>\n\n\n<h3 class=\"mphb-room-type-details-title\">Details<\/h3><ul class=\"mphb-loop-room-type-attributes\">\n\n\n\t<li class=\"mphb-room-type-adults-capacity\"><span class=\"mphb-attribute-title mphb-adults-title\">G\u00e4ste:<\/span><span class=\"mphb-attribute-value\">\n\t2\n\t<\/span><\/li>\n\n\n\t<li class=\"mphb-room-type-facilities\"><span class=\"mphb-attribute-title mphb-facilities-title\">Ausstattungen:<\/span><span class=\"mphb-attribute-value\"> <span class=\"facility-gratis-kaffee-und-tee\"><a href=\"https:\/\/www.doubickasalas.cz\/de\/accommodation-facility\/gratis-kaffee-und-tee\/\">Gratis Kaffee und Tee<\/a><\/span>, <span class=\"facility-gratis-wlan-internet\"><a href=\"https:\/\/www.doubickasalas.cz\/de\/accommodation-facility\/gratis-wlan-internet\/\">gratis WLAN-Internet<\/a><\/span>, <span class=\"facility-parken-im-preis-inbegriffen\"><a href=\"https:\/\/www.doubickasalas.cz\/de\/accommodation-facility\/parken-im-preis-inbegriffen\/\">Parken im Preis inbegriffen<\/a><\/span><\/span><\/li>\n\n\n\n\n\n\t<li class=\"mphb-room-type-size\"><span class=\"mphb-attribute-title mphb-size-title\">Gr\u00f6\u00dfe:<\/span><span class=\"mphb-attribute-value\">\n\t12m\u00b2\n\t<\/span><\/li>\n\n\n\t<li class=\"mphb-room-type-bed-type\"><span  class=\"mphb-attribute-title mphb-bed-type-title\">Bettentyp:<\/span><span class=\"mphb-attribute-value\">\n\tDoppelbett\n\t<\/span><\/li>\n\n\n\t<li class=\"mphb-room-type-categories\"><span class=\"mphb-attribute-title mphb-categories-title\">Kategorien:<\/span><span class=\"mphb-attribute-value\"> <span class=\"category-doppelzimmer\"><a href=\"https:\/\/www.doubickasalas.cz\/de\/accommodation-category\/doppelzimmer\/\">Doppelzimmer<\/a><\/span><\/span><\/li>\n\n<\/ul>\n\n\t<p class=\"mphb-regular-price\"><strong>Preis von:<\/strong>\n\t<span class=\"mphb-price\">1,500<span class=\"mphb-currency\">&#75;&#269;<\/span><\/span> <span class=\"mphb-price-period\" title=\"W\u00e4hlen Sie Daten, um relevante Preise zu sehen\">pro Nacht<\/span>\n\t<\/p>\n\n<p class=\"mphb-view-details-button-wrapper\">\n<a class=\"button mphb-view-details-button\" href=\"https:\/\/www.doubickasalas.cz\/de\/accommodation\/doppelzimmer\/\" >Details ansehen<\/a>\n<\/p>\n<div class=\"mphb-to-book-btn-wrapper\">\n<form action=\"https:\/\/www.doubickasalas.cz\/de\/accommodation\/doppelzimmer\/#booking-form-2877\" method=\"get\" ><button type=\"submit\" class=\"button mphb-book-button\" >Buchen<\/button><\/form>\n<br\/><\/div>\n\t\n<\/div>\n\n<\/div>\n","protected":false},"excerpt":{"rendered":"","protected":false},"author":1,"featured_media":0,"parent":0,"menu_order":0,"comment_status":"closed","ping_status":"closed","template":"","meta":{"_et_pb_use_builder":"on","_et_pb_old_content":"[mphb_rooms]","_et_gb_content_width":"","footnotes":""},"class_list":["post-2890","page","type-page","status-publish","hentry"],"_links":{"self":[{"href":"https:\/\/www.doubickasalas.cz\/de\/wp-json\/wp\/v2\/pages\/2890","targetHints":{"allow":["GET"]}}],"collection":[{"href":"https:\/\/www.doubickasalas.cz\/de\/wp-json\/wp\/v2\/pages"}],"about":[{"href":"https:\/\/www.doubickasalas.cz\/de\/wp-json\/wp\/v2\/types\/page"}],"author":[{"embeddable":true,"href":"https:\/\/www.doubickasalas.cz\/de\/wp-json\/wp\/v2\/users\/1"}],"replies":[{"embeddable":true,"href":"https:\/\/www.doubickasalas.cz\/de\/wp-json\/wp\/v2\/comments?post=2890"}],"version-history":[{"count":1,"href":"https:\/\/www.doubickasalas.cz\/de\/wp-json\/wp\/v2\/pages\/2890\/revisions"}],"predecessor-version":[{"id":2893,"href":"https:\/\/www.doubickasalas.cz\/de\/wp-json\/wp\/v2\/pages\/2890\/revisions\/2893"}],"wp:attachment":[{"href":"https:\/\/www.doubickasalas.cz\/de\/wp-json\/wp\/v2\/media?parent=2890"}],"curies":[{"name":"wp","href":"https:\/\/api.w.org\/{rel}","templated":true}]}}